{"id":4049,"date":"2024-11-04T12:42:50","date_gmt":"2024-11-04T12:42:50","guid":{"rendered":"http:\/\/sw-themes.com\/porto_dummy\/?page_id=4049"},"modified":"2024-11-04T12:42:50","modified_gmt":"2024-11-04T12:42:50","slug":"order-tracking","status":"publish","type":"page","link":"https:\/\/shop.upper.rocks\/?page_id=4049","title":{"rendered":"Order Tracking"},"content":{"rendered":"<div class=\"woocommerce\">\r\n\r\n\t\t<form action=\"https:\/\/shop.upper.rocks\/?page_id=4049\" method=\"post\" class=\"woocommerce-form woocommerce-form-track-order track_order\">\r\n\t\t\t\r\n\t\t\t\t\r\n\t\t\t\t<p>Para acompanhar o seu pedido, digite o ID do pedido na caixa abaixo e pressione o bot\u00e3o &quot;Rastrear&quot;. O ID do pedido foi informado em sua fatura e est\u00e1 no e-mail de confirma\u00e7\u00e3o que voc\u00ea deve ter recebido.<\/p>\r\n\r\n\t\t\t\t<p class=\"form-row\"><label class=\"mb-1 font-weight-medium\" for=\"orderid\">ID do pedido<\/label> <input class=\"input-text line-height-xl\" type=\"text\" name=\"orderid\" id=\"orderid\" value=\"\" placeholder=\"Encontrado no seu e-mail de confirma\u00e7\u00e3o do pedido.\" \/><\/p>\t\t\t\t<p class=\"form-row\"><label class=\"mb-1 font-weight-medium\" for=\"order_email\">E-mail de cobran\u00e7a<\/label> <input class=\"input-text line-height-xl\" type=\"text\" name=\"order_email\" id=\"order_email\" value=\"\" placeholder=\"E-mail utilizado durante a finaliza\u00e7\u00e3o de compra.\" \/><\/p>\t\t\t\t<div class=\"clear\"><\/div>\r\n\r\n\t\t\t\t\r\n\t\t\t\t<p class=\"form-row clearfix\"><button type=\"submit\" class=\"button btn-lg btn-v-dark px-5 py-3 text-md mt-2\" name=\"track\" value=\"Rastrear\">Order Track<\/button><\/p>\r\n\t\t\t\t<input type=\"hidden\" id=\"woocommerce-order-tracking-nonce\" name=\"woocommerce-order-tracking-nonce\" value=\"2fc039cffd\" \/><input type=\"hidden\" name=\"_wp_http_referer\" value=\"\/index.php?rest_route=%2Fwp%2Fv2%2Fpages%2F4049\" \/>\r\n\t\t\t\t\t\t\t\r\n\t\t<\/form>\r\n\r\n<\/div>","protected":false},"excerpt":{"rendered":"Para acompanhar o seu pedido, digite o ID do pedido na caixa abaixo e pressione o bot\u00e3o &quot;Rastrear&quot;. O ID do pedido foi informado em sua fatura e est\u00e1 no e-mail de confirma\u00e7\u00e3o que voc\u00ea deve ter recebido. ID do pedido E-mail de cobran\u00e7a Order Track","protected":false},"author":1,"featured_media":0,"parent":0,"menu_order":0,"comment_status":"closed","ping_status":"closed","template":"","meta":{"footnotes":""},"class_list":["post-4049","page","type-page","status-publish","hentry"],"_links":{"self":[{"href":"https:\/\/shop.upper.rocks\/index.php?rest_route=\/wp\/v2\/pages\/4049","targetHints":{"allow":["GET"]}}],"collection":[{"href":"https:\/\/shop.upper.rocks\/index.php?rest_route=\/wp\/v2\/pages"}],"about":[{"href":"https:\/\/shop.upper.rocks\/index.php?rest_route=\/wp\/v2\/types\/page"}],"author":[{"embeddable":true,"href":"https:\/\/shop.upper.rocks\/index.php?rest_route=\/wp\/v2\/users\/1"}],"replies":[{"embeddable":true,"href":"https:\/\/shop.upper.rocks\/index.php?rest_route=%2Fwp%2Fv2%2Fcomments&post=4049"}],"version-history":[{"count":0,"href":"https:\/\/shop.upper.rocks\/index.php?rest_route=\/wp\/v2\/pages\/4049\/revisions"}],"wp:attachment":[{"href":"https:\/\/shop.upper.rocks\/index.php?rest_route=%2Fwp%2Fv2%2Fmedia&parent=4049"}],"curies":[{"name":"wp","href":"https:\/\/api.w.org\/{rel}","templated":true}]}}